{"id":1278,"date":"2025-06-25T12:41:03","date_gmt":"2025-06-25T12:41:03","guid":{"rendered":"https:\/\/californialabor.law\/politica-de-cookies\/"},"modified":"2025-12-30T14:47:18","modified_gmt":"2025-12-30T14:47:18","slug":"politica-de-cookies","status":"publish","type":"page","link":"https:\/\/californialabor.law\/es\/politica-de-cookies\/","title":{"rendered":"Pol\u00edtica de cookies"},"content":{"rendered":"\t\t<div data-elementor-type=\"wp-page\" data-elementor-id=\"1278\" class=\"elementor elementor-1278 elementor-601\" data-elementor-post-type=\"page\">\n\t\t\t\t<div class=\"elementor-element elementor-element-848c1ed e-flex e-con-boxed e-con e-parent\" data-id=\"848c1ed\" data-element_type=\"container\" data-e-type=\"container\" id=\"terma\">\n\t\t\t\t\t<div class=\"e-con-inner\">\n\t\t\t\t<div class=\"elementor-element elementor-element-93307be elementor-widget elementor-widget-html\" data-id=\"93307be\" data-element_type=\"widget\" data-e-type=\"widget\" data-widget_type=\"html.default\">\n\t\t\t\t\t<div id=\"UXk5NlRVNUJZekpRZGtNdk9XYzlQUT09\" class=\"policy_embed_div\" width=\"640\" height=\"480\"> \r\nEspere mientras se carga la pol\u00edtica. Si no se carga, <a rel=\"nofollow noopener\" href=\"https:\/\/policies.termageddon.com\/api\/policy\/UXk5NlRVNUJZekpRZGtNdk9XYzlQUT09\" target=\"_blank\">haga clic aqu\u00ed<\/a> para ver la pol\u00edtica. <\/div>\r\n<script src=\"https:\/\/policies.termageddon.com\/api\/embed\/UXk5NlRVNUJZekpRZGtNdk9XYzlQUT09.js\"><\/script>\t\t\t\t<\/div>\n\t\t\t\t\t<\/div>\n\t\t\t\t<\/div>\n\t\t\t\t<\/div>\n\t\t","protected":false},"excerpt":{"rendered":"<p>Espere mientras se carga la pol\u00edtica. Si no se carga, haga clic aqu\u00ed para ver la pol\u00edtica.<\/p>\n","protected":false},"author":2,"featured_media":0,"parent":0,"menu_order":0,"comment_status":"closed","ping_status":"closed","template":"","meta":{"footnotes":""},"class_list":["post-1278","page","type-page","status-publish","hentry"],"_links":{"self":[{"href":"https:\/\/californialabor.law\/es\/wp-json\/wp\/v2\/pages\/1278","targetHints":{"allow":["GET"]}}],"collection":[{"href":"https:\/\/californialabor.law\/es\/wp-json\/wp\/v2\/pages"}],"about":[{"href":"https:\/\/californialabor.law\/es\/wp-json\/wp\/v2\/types\/page"}],"author":[{"embeddable":true,"href":"https:\/\/californialabor.law\/es\/wp-json\/wp\/v2\/users\/2"}],"replies":[{"embeddable":true,"href":"https:\/\/californialabor.law\/es\/wp-json\/wp\/v2\/comments?post=1278"}],"version-history":[{"count":0,"href":"https:\/\/californialabor.law\/es\/wp-json\/wp\/v2\/pages\/1278\/revisions"}],"wp:attachment":[{"href":"https:\/\/californialabor.law\/es\/wp-json\/wp\/v2\/media?parent=1278"}],"curies":[{"name":"wp","href":"https:\/\/api.w.org\/{rel}","templated":true}]}}