{"id":1280,"date":"2025-06-25T12:39:21","date_gmt":"2025-06-25T12:39:21","guid":{"rendered":"https:\/\/californialabor.law\/aviso-legal\/"},"modified":"2025-12-30T14:47:18","modified_gmt":"2025-12-30T14:47:18","slug":"aviso-legal","status":"publish","type":"page","link":"https:\/\/californialabor.law\/es\/aviso-legal\/","title":{"rendered":"Aviso legal"},"content":{"rendered":"\t\t<div data-elementor-type=\"wp-page\" data-elementor-id=\"1280\" class=\"elementor elementor-1280 elementor-600\" data-elementor-post-type=\"page\">\n\t\t\t\t<div class=\"elementor-element elementor-element-848c1ed e-flex e-con-boxed e-con e-parent\" data-id=\"848c1ed\" data-element_type=\"container\" data-e-type=\"container\">\n\t\t\t\t\t<div class=\"e-con-inner\">\n\t\t\t\t<div class=\"elementor-element elementor-element-93307be elementor-widget elementor-widget-html\" data-id=\"93307be\" data-element_type=\"widget\" data-e-type=\"widget\" id=\"terma\" data-widget_type=\"html.default\">\n\t\t\t\t\t<div id=\"YVdreFNtUlFjVU5DTVVaUmVVRTlQUT09\" class=\"policy_embed_div\" width=\"640\" height=\"480\"> \r\nEspere mientras se carga la pol\u00edtica. Si no se carga, <a rel=\"nofollow noopener\" href=\"https:\/\/policies.termageddon.com\/api\/policy\/YVdreFNtUlFjVU5DTVVaUmVVRTlQUT09\" target=\"_blank\">haga clic aqu\u00ed<\/a> para ver la pol\u00edtica. <\/div>\r\n<script src=\"https:\/\/policies.termageddon.com\/api\/embed\/YVdreFNtUlFjVU5DTVVaUmVVRTlQUT09.js\"><\/script>\t\t\t\t<\/div>\n\t\t\t\t\t<\/div>\n\t\t\t\t<\/div>\n\t\t\t\t<\/div>\n\t\t","protected":false},"excerpt":{"rendered":"<p>Espere mientras se carga la pol\u00edtica. Si no se carga, haga clic aqu\u00ed para ver la pol\u00edtica.<\/p>\n","protected":false},"author":2,"featured_media":0,"parent":0,"menu_order":0,"comment_status":"closed","ping_status":"closed","template":"","meta":{"footnotes":""},"class_list":["post-1280","page","type-page","status-publish","hentry"],"_links":{"self":[{"href":"https:\/\/californialabor.law\/es\/wp-json\/wp\/v2\/pages\/1280","targetHints":{"allow":["GET"]}}],"collection":[{"href":"https:\/\/californialabor.law\/es\/wp-json\/wp\/v2\/pages"}],"about":[{"href":"https:\/\/californialabor.law\/es\/wp-json\/wp\/v2\/types\/page"}],"author":[{"embeddable":true,"href":"https:\/\/californialabor.law\/es\/wp-json\/wp\/v2\/users\/2"}],"replies":[{"embeddable":true,"href":"https:\/\/californialabor.law\/es\/wp-json\/wp\/v2\/comments?post=1280"}],"version-history":[{"count":0,"href":"https:\/\/californialabor.law\/es\/wp-json\/wp\/v2\/pages\/1280\/revisions"}],"wp:attachment":[{"href":"https:\/\/californialabor.law\/es\/wp-json\/wp\/v2\/media?parent=1280"}],"curies":[{"name":"wp","href":"https:\/\/api.w.org\/{rel}","templated":true}]}}