{"id":1317,"date":"2024-12-10T20:10:14","date_gmt":"2024-12-10T20:10:14","guid":{"rendered":"https:\/\/californialabor.law\/contacto\/"},"modified":"2026-02-13T02:12:48","modified_gmt":"2026-02-13T02:12:48","slug":"contacto","status":"publish","type":"page","link":"https:\/\/californialabor.law\/es\/contacto\/","title":{"rendered":"Contacto"},"content":{"rendered":"\t\t<div data-elementor-type=\"wp-page\" data-elementor-id=\"1317\" class=\"elementor elementor-1317 elementor-219\" data-elementor-post-type=\"page\">\n\t\t\t\t<div class=\"elementor-element elementor-element-52de411 e-con-full e-flex e-con e-parent\" data-id=\"52de411\" data-element_type=\"container\" data-e-type=\"container\" data-settings=\"{&quot;background_background&quot;:&quot;classic&quot;}\">\n\t\t<div class=\"elementor-element elementor-element-666d68df animated-fast e-flex e-con-boxed elementor-invisible e-con e-child\" data-id=\"666d68df\" data-element_type=\"container\" data-e-type=\"container\" data-settings=\"{&quot;animation&quot;:&quot;fadeIn&quot;,&quot;animation_delay&quot;:750}\">\n\t\t\t\t\t<div class=\"e-con-inner\">\n\t\t\t\t<div class=\"elementor-element elementor-element-2e983dc7 elementor-widget elementor-widget-heading\" data-id=\"2e983dc7\" data-element_type=\"widget\" data-e-type=\"widget\" data-widget_type=\"heading.default\">\n\t\t\t\t\t<p class=\"elementor-heading-title elementor-size-default\">Tiene preguntas, nosotros tenemos las respuestas<\/p>\t\t\t\t<\/div>\n\t\t\t\t<div class=\"elementor-element elementor-element-7ad9cef4 elementor-widget elementor-widget-heading\" data-id=\"7ad9cef4\" data-element_type=\"widget\" data-e-type=\"widget\" data-widget_type=\"heading.default\">\n\t\t\t\t\t<h1 class=\"elementor-heading-title elementor-size-default\">Preg\u00fantenos lo que quiera<\/h1>\t\t\t\t<\/div>\n\t\t\t\t<div class=\"elementor-element elementor-element-5e6a1f6b elementor-widget__width-initial elementor-widget elementor-widget-heading\" data-id=\"5e6a1f6b\" data-element_type=\"widget\" data-e-type=\"widget\" data-widget_type=\"heading.default\">\n\t\t\t\t\t<p class=\"elementor-heading-title elementor-size-default\">\u00bfTiene preguntas sobre la legislaci\u00f3n laboral de California? \u00bfCree que sus derechos han sido vulnerados o no est\u00e1 seguro? Escr\u00edbanos. Ninguna pregunta es demasiado grande o demasiado peque\u00f1a.   <\/p>\t\t\t\t<\/div>\n\t\t\t\t<div class=\"elementor-element elementor-element-4bb307b elementor-widget elementor-widget-formidable\" data-id=\"4bb307b\" data-element_type=\"widget\" data-e-type=\"widget\" data-widget_type=\"formidable.default\">\n\t\t\t\t<div class=\"elementor-widget-container\">\n\t\t\t\t\t<div class=\"frm_forms  with_frm_style frm_style_formidable-style-2\" id=\"frm_form_1_container\" >\n<form enctype=\"multipart\/form-data\" method=\"post\" class=\"frm-show-form  frm_pro_form \" id=\"form_contact-form\" >\n<div class=\"frm_form_fields \">\n<fieldset>\n<legend class=\"frm_screen_reader\">Contacta con nosotras<\/legend>\r\n\r\n<div class=\"frm_fields_container\">\n<input type=\"hidden\" name=\"frm_action\" value=\"create\" \/>\n<input type=\"hidden\" name=\"form_id\" value=\"1\" \/>\n<input type=\"hidden\" name=\"frm_hide_fields_1\" id=\"frm_hide_fields_1\" value=\"\" \/>\n<input type=\"hidden\" name=\"form_key\" value=\"contact-form\" \/>\n<input type=\"hidden\" name=\"item_meta[0]\" value=\"\" \/>\n<input type=\"hidden\" id=\"frm_submit_entry_1\" name=\"frm_submit_entry_1\" value=\"cedf054c8c\" \/><input type=\"hidden\" name=\"_wp_http_referer\" value=\"\/es\/wp-json\/wp\/v2\/pages\/1317\" \/>\t\t<input  type=\"hidden\" name=\"item_meta[224]\" id=\"field_thwy8\" value=\"Legislaci\u00f3n laboral\"  data-frmval=\"Legislaci\u00f3n laboral\"   \/>\n\t\t<div id=\"frm_field_1_container\" class=\"frm_form_field form-field  frm_required_field frm_top_container frm_first frm_half\">\r\n\t<label for=\"field_qh4icy\" id=\"field_qh4icy_label\" class=\"frm_primary_label\">Nombre\r\n\t\t<span class=\"frm_required\" aria-hidden=\"true\">*<\/span>\r\n\t<\/label>\r\n\t<input  type=\"text\" id=\"field_qh4icy\" name=\"item_meta[1]\" value=\"\"  data-reqmsg=\"Nombre  no puede estar vac\u00edo.\" aria-required=\"true\" data-invmsg=\"Nombre  no es v\u00e1lido\" aria-invalid=\"false\"   \/>\r\n\t\r\n\t\r\n<\/div>\n<div id=\"frm_field_2_container\" class=\"frm_form_field form-field  frm_required_field frm_top_container frm_half\">\r\n\t<label for=\"field_ocfup1\" id=\"field_ocfup1_label\" class=\"frm_primary_label\">Apellido\r\n\t\t<span class=\"frm_required\" aria-hidden=\"true\">*<\/span>\r\n\t<\/label>\r\n\t<input  type=\"text\" id=\"field_ocfup1\" name=\"item_meta[2]\" value=\"\"  data-reqmsg=\"Apellido  no puede estar vac\u00edo.\" aria-required=\"true\" data-invmsg=\"Apellido  no es v\u00e1lido\" aria-invalid=\"false\"   \/>\r\n\t\r\n\t\r\n<\/div>\n<div id=\"frm_field_3_container\" class=\"frm_form_field form-field  frm_required_field frm_top_container frm12 frm_first\">\r\n\t<label for=\"field_29yf4d\" id=\"field_29yf4d_label\" class=\"frm_primary_label\">Correo electr\u00f3nico\r\n\t\t<span class=\"frm_required\" aria-hidden=\"true\">*<\/span>\r\n\t<\/label>\r\n\t<input type=\"email\" id=\"field_29yf4d\" name=\"item_meta[3]\" value=\"\"  data-reqmsg=\"Correo electr\u00f3nico  no puede estar vac\u00edo.\" aria-required=\"true\" data-invmsg=\"Por favor, introduce una direcci\u00f3n de correo electr\u00f3nico v\u00e1lida\" aria-invalid=\"false\"  \/>\r\n\t\r\n\t\r\n<\/div>\n<div id=\"frm_field_168_container\" class=\"frm_form_field form-field  frm_required_field frm_top_container frm12 frm_first\">\r\n\t<label for=\"field_t77rb\" id=\"field_t77rb_label\" class=\"frm_primary_label\">Tel\u00e9fono\r\n\t\t<span class=\"frm_required\" aria-hidden=\"true\">*<\/span>\r\n\t<\/label>\r\n\t<input type=\"tel\" id=\"field_t77rb\" name=\"item_meta[168]\" value=\"\"  data-frmmask=\"(000)-000-0000\" data-reqmsg=\"Tel\u00e9fono  no puede estar vac\u00edo.\" aria-required=\"true\" data-invmsg=\"Tel\u00e9fono  no es v\u00e1lido\" aria-invalid=\"false\" pattern=\"\\(\\d\\d\\d\\)-\\d\\d\\d-\\d\\d\\d\\d$\"  \/>\r\n\t\r\n\t\r\n<\/div>\n<div id=\"frm_field_167_container\" class=\"frm_form_field form-field  frm_required_field frm_top_container horizontal_radio\">\r\n\t<div  id=\"field_597vt_label\" class=\"frm_primary_label\">Problema de empleo\r\n\t\t<span class=\"frm_required\" aria-hidden=\"true\">*<\/span>\r\n\t<\/div>\r\n\t<div class=\"frm_opt_container\" aria-labelledby=\"field_597vt_label\" role=\"group\">\t\t<div class=\"frm_checkbox\" id=\"frm_checkbox_167-0\">\t\t\t<label  for=\"field_597vt-0\">\n\t\t\t<input type=\"checkbox\" name=\"item_meta[167][]\" id=\"field_597vt-0\" value=\"Wage Violations\"  data-reqmsg=\"Problema de empleo  no puede estar vac\u00edo.\" data-invmsg=\"Problema de empleo no es v\u00e1lido\"   aria-required=\"true\"  \/> Violaciones salariales<\/label><\/div>\n\t\t<div class=\"frm_checkbox\" id=\"frm_checkbox_167-1\">\t\t\t<label  for=\"field_597vt-1\">\n\t\t\t<input type=\"checkbox\" name=\"item_meta[167][]\" id=\"field_597vt-1\" value=\"Meal &amp; Rest Break Violations\"  data-reqmsg=\"Problema de empleo  no puede estar vac\u00edo.\" data-invmsg=\"Problema de empleo no es v\u00e1lido\"   \/> Violaciones de los descansos para comer y descansar<\/label><\/div>\n\t\t<div class=\"frm_checkbox\" id=\"frm_checkbox_167-2\">\t\t\t<label  for=\"field_597vt-2\">\n\t\t\t<input type=\"checkbox\" name=\"item_meta[167][]\" id=\"field_597vt-2\" value=\"Workers&#039; Compensation\"  data-reqmsg=\"Problema de empleo  no puede estar vac\u00edo.\" data-invmsg=\"Problema de empleo no es v\u00e1lido\"   \/> Compensaci\u00f3n laboral<\/label><\/div>\n\t\t<div class=\"frm_checkbox\" id=\"frm_checkbox_167-3\">\t\t\t<label  for=\"field_597vt-3\">\n\t\t\t<input type=\"checkbox\" name=\"item_meta[167][]\" id=\"field_597vt-3\" value=\"Sexual Harassment in the Workplace\"  data-reqmsg=\"Problema de empleo  no puede estar vac\u00edo.\" data-invmsg=\"Problema de empleo no es v\u00e1lido\"   \/> Acoso sexual en el lugar de trabajo<\/label><\/div>\n\t\t<div class=\"frm_checkbox\" id=\"frm_checkbox_167-4\">\t\t\t<label  for=\"field_597vt-4\">\n\t\t\t<input type=\"checkbox\" name=\"item_meta[167][]\" id=\"field_597vt-4\" value=\"Minimum Wage Violation\"  data-reqmsg=\"Problema de empleo  no puede estar vac\u00edo.\" data-invmsg=\"Problema de empleo no es v\u00e1lido\"   \/> Violaci\u00f3n del salario m\u00ednimo<\/label><\/div>\n\t\t<div class=\"frm_checkbox\" id=\"frm_checkbox_167-5\">\t\t\t<label  for=\"field_597vt-5\">\n\t\t\t<input type=\"checkbox\" name=\"item_meta[167][]\" id=\"field_597vt-5\" value=\"Discrimination (Sex, Race, Religion)\"  data-reqmsg=\"Problema de empleo  no puede estar vac\u00edo.\" data-invmsg=\"Problema de empleo no es v\u00e1lido\"   \/> Discriminaci\u00f3n (sexo, raza, religi\u00f3n)<\/label><\/div>\n<\/div>\r\n\t\r\n\t\r\n<\/div>\n\t\t<input  type=\"hidden\" name=\"item_meta[272]\" id=\"field_q0k0l\" value=\" Employment Law\"  data-frmval=\" Employment Law\"   \/>\n\t\t\t\t<input  type=\"hidden\" name=\"item_meta[273]\" id=\"field_ncgp9\" value=\"CA California\"  data-frmval=\"CA California\"   \/>\n\t\t\t\t<input  type=\"hidden\" name=\"item_meta[274]\" id=\"field_8gp9g\" value=\"EmpLaw-Organic-CALL-CJ\"  data-frmval=\"EmpLaw-Organic-CALL-CJ\"   \/>\n\t\t\t\t<input  type=\"hidden\" name=\"item_meta[275]\" id=\"field_mfpcf\" value=\"open\"  data-frmval=\"open\"   \/>\n\t\t<div id=\"frm_field_5_container\" class=\"frm_form_field form-field  frm_top_container frm_full\">\r\n\t<label for=\"field_9jv0r1\" id=\"field_9jv0r1_label\" class=\"frm_primary_label\">Cu\u00e9ntanos sobre tu problema.\r\n\t\t<span class=\"frm_required\" aria-hidden=\"true\"><\/span>\r\n\t<\/label>\r\n\t<textarea data-auto-grow=\"1\"  name=\"item_meta[5]\" id=\"field_9jv0r1\" rows=\"7\"  data-invmsg=\"Cu\u00e9ntanos sobre tu problema.  no es v\u00e1lido\" aria-invalid=\"false\"  ><\/textarea>\r\n\t\r\n\t\r\n<\/div>\n<div id=\"frm_field_206_container\" class=\"frm_form_field form-field  frm_none_container\">\r\n\t<label for=\"cf-turnstile-response\" id=\"field_g0u4z_label\" class=\"frm_primary_label\">Captcha\r\n\t\t<span class=\"frm_required\" aria-hidden=\"true\"><\/span>\r\n\t<\/label>\r\n\t<div  id=\"field_g0u4z\" class=\"frm-cf-turnstile\" data-sitekey=\"0x4AAAAAAA2HMI1dv3yaidhx\" data-language=\"es\" data-size=\"normal\" data-theme=\"light\"><\/div>\r\n\t\r\n\t\r\n<\/div>\n<div id=\"frm_field_166_container\" class=\"frm_form_field form-field \">\r\n\t<div class=\"frm_submit frm_flex\">\r\n<button class=\"frm_button_submit frm_final_submit\" type=\"submit\"   formnovalidate=\"formnovalidate\">Obtenga una consulta gratuita<\/button>\r\n\r\n\r\n\r\n<\/div>\r\n<\/div>\n\t<input type=\"hidden\" name=\"item_key\" value=\"\" \/>\n\t\t\t<div id=\"frm_field_306_container\">\n\t\t\t<label for=\"field_zbns9\" >\n\t\t\t\tSi eres humano, deja este campo en blanco.\t\t\t<\/label>\n\t\t\t<input  id=\"field_zbns9\" type=\"text\" class=\"frm_form_field form-field frm_verify\" name=\"item_meta[306]\" value=\"\"  \/>\n\t\t<\/div>\n\t\t<input name=\"frm_state\" type=\"hidden\" value=\"HcyvQCihoN2\/zDiYQU7pNJAKPMDIDlkWbun9VAStqFW6q1poyZHaRh4dOA8zX+fM\" \/><\/div>\n<\/fieldset>\n<\/div>\n\n<\/form>\n<\/div>\n\t\t\t\t<\/div>\n\t\t\t\t<\/div>\n\t\t\t\t\t<\/div>\n\t\t\t\t<\/div>\n\t\t<div class=\"elementor-element elementor-element-2b492728 e-con-full e-flex e-con e-child\" data-id=\"2b492728\" data-element_type=\"container\" data-e-type=\"container\">\n\t\t\t\t<div class=\"elementor-element elementor-element-789c9f8d elementor-widget elementor-widget-google_maps\" data-id=\"789c9f8d\" data-element_type=\"widget\" data-e-type=\"widget\" data-widget_type=\"google_maps.default\">\n\t\t\t\t\t\t\t<div class=\"elementor-custom-embed\">\n\t\t\t<iframe loading=\"lazy\"\n\t\t\t\t\tsrc=\"https:\/\/maps.google.com\/maps?q=633%20West%20Fifth%20Street%2C%20Los%20Angeles%2C%20CA%2C%2090071%2C%20USA&#038;t=m&#038;z=10&#038;output=embed&#038;iwloc=near\"\n\t\t\t\t\ttitle=\"633 West Fifth Street, Los Angeles, CA, 90071, USA\"\n\t\t\t\t\taria-label=\"633 West Fifth Street, Los Angeles, CA, 90071, USA\"\n\t\t\t><\/iframe>\n\t\t<\/div>\n\t\t\t\t\t\t<\/div>\n\t\t\t\t<\/div>\n\t\t<div class=\"elementor-element elementor-element-1df1438c e-grid animated-fast e-con-boxed elementor-invisible e-con e-child\" data-id=\"1df1438c\" data-element_type=\"container\" data-e-type=\"container\" data-settings=\"{&quot;animation&quot;:&quot;slideInLeft&quot;,&quot;animation_delay&quot;:500}\">\n\t\t\t\t\t<div class=\"e-con-inner\">\n\t\t<div class=\"elementor-element elementor-element-7fe3c598 e-con-full e-flex e-con e-child\" data-id=\"7fe3c598\" data-element_type=\"container\" data-e-type=\"container\" data-settings=\"{&quot;background_background&quot;:&quot;classic&quot;}\">\n\t\t\t\t<div class=\"elementor-element elementor-element-55060beb elementor-view-stacked elementor-shape-circle elementor-widget elementor-widget-icon\" data-id=\"55060beb\" data-element_type=\"widget\" data-e-type=\"widget\" data-widget_type=\"icon.default\">\n\t\t\t\t\t\t\t<div class=\"elementor-icon-wrapper\">\n\t\t\t<div class=\"elementor-icon\">\n\t\t\t<svg xmlns=\"http:\/\/www.w3.org\/2000\/svg\" id=\"Outline\" viewBox=\"0 0 24 24\" width=\"512\" height=\"512\"><path d=\"M12,6a4,4,0,1,0,4,4A4,4,0,0,0,12,6Zm0,6a2,2,0,1,1,2-2A2,2,0,0,1,12,12Z\"><\/path><path d=\"M12,24a5.271,5.271,0,0,1-4.311-2.2c-3.811-5.257-5.744-9.209-5.744-11.747a10.055,10.055,0,0,1,20.11,0c0,2.538-1.933,6.49-5.744,11.747A5.271,5.271,0,0,1,12,24ZM12,2.181a7.883,7.883,0,0,0-7.874,7.874c0,2.01,1.893,5.727,5.329,10.466a3.145,3.145,0,0,0,5.09,0c3.436-4.739,5.329-8.456,5.329-10.466A7.883,7.883,0,0,0,12,2.181Z\"><\/path><\/svg>\t\t\t<\/div>\n\t\t<\/div>\n\t\t\t\t\t\t<\/div>\n\t\t\t\t<div class=\"elementor-element elementor-element-4f5005ff elementor-widget elementor-widget-icon-box\" data-id=\"4f5005ff\" data-element_type=\"widget\" data-e-type=\"widget\" data-widget_type=\"icon-box.default\">\n\t\t\t\t\t\t\t<div class=\"elementor-icon-box-wrapper\">\n\n\t\t\t\n\t\t\t\t\t\t<div class=\"elementor-icon-box-content\">\n\n\t\t\t\t\t\t\t\t\t<h6 class=\"elementor-icon-box-title\">\n\t\t\t\t\t\t<span  >\n\t\t\t\t\t\t\tDirecci\u00f3n\t\t\t\t\t\t<\/span>\n\t\t\t\t\t<\/h6>\n\t\t\t\t\n\t\t\t\t\t\t\t\t\t<p class=\"elementor-icon-box-description\">\n\t\t\t\t\t\t633 West Fifth Street<br> Los \u00c1ngeles, CA, 90071, EE. UU.\t\t\t\t\t<\/p>\n\t\t\t\t\n\t\t\t<\/div>\n\t\t\t\n\t\t<\/div>\n\t\t\t\t\t\t<\/div>\n\t\t\t\t<\/div>\n\t\t<div class=\"elementor-element elementor-element-1720d502 e-con-full e-flex e-con e-child\" data-id=\"1720d502\" data-element_type=\"container\" data-e-type=\"container\" data-settings=\"{&quot;background_background&quot;:&quot;classic&quot;}\">\n\t\t\t\t<div class=\"elementor-element elementor-element-3972ed3b elementor-view-stacked elementor-shape-circle elementor-widget elementor-widget-icon\" data-id=\"3972ed3b\" data-element_type=\"widget\" data-e-type=\"widget\" data-widget_type=\"icon.default\">\n\t\t\t\t\t\t\t<div class=\"elementor-icon-wrapper\">\n\t\t\t<div class=\"elementor-icon\">\n\t\t\t<svg xmlns=\"http:\/\/www.w3.org\/2000\/svg\" id=\"Layer_1\" data-name=\"Layer 1\" viewBox=\"0 0 24 24\" width=\"512\" height=\"512\"><path d=\"M12,0A12.013,12.013,0,0,0,0,12c-.126,9.573,11.159,15.429,18.9,9.817a1,1,0,1,0-1.152-1.634C11.3,24.856,1.9,19.978,2,12,2.549-1.266,21.453-1.263,22,12v2a2,2,0,0,1-4,0V12C17.748,4.071,6.251,4.072,6,12a6.017,6.017,0,0,0,10.52,3.933A4,4,0,0,0,24,14V12A12.013,12.013,0,0,0,12,0Zm0,16a4,4,0,0,1,0-8A4,4,0,0,1,12,16Z\"><\/path><\/svg>\t\t\t<\/div>\n\t\t<\/div>\n\t\t\t\t\t\t<\/div>\n\t\t\t\t<div data-sa-element-link=\"{&quot;url&quot;:&quot;mailto:help@californialabor.law&quot;,&quot;is_external&quot;:&quot;&quot;,&quot;nofollow&quot;:&quot;&quot;,&quot;custom_attributes&quot;:&quot;&quot;}\" class=\"sa-element-link elementor-element elementor-element-703cf745 elementor-widget elementor-widget-icon-box\" style=\"cursor: pointer\" data-id=\"703cf745\" data-element_type=\"widget\" data-e-type=\"widget\" data-widget_type=\"icon-box.default\">\n\t\t\t\t\t\t\t<div class=\"elementor-icon-box-wrapper\">\n\n\t\t\t\n\t\t\t\t\t\t<div class=\"elementor-icon-box-content\">\n\n\t\t\t\t\t\t\t\t\t<h6 class=\"elementor-icon-box-title\">\n\t\t\t\t\t\t<a href=\"mailto:help@californialabor.law\" >\n\t\t\t\t\t\t\tCorreo electr\u00f3nico\t\t\t\t\t\t<\/a>\n\t\t\t\t\t<\/h6>\n\t\t\t\t\n\t\t\t\t\t\t\t\t\t<p class=\"elementor-icon-box-description\">\n\t\t\t\t\t\thelp@californialabor.law\t\t\t\t\t<\/p>\n\t\t\t\t\n\t\t\t<\/div>\n\t\t\t\n\t\t<\/div>\n\t\t\t\t\t\t<\/div>\n\t\t\t\t<\/div>\n\t\t<div class=\"elementor-element elementor-element-6278ac7b e-con-full e-flex e-con e-child\" data-id=\"6278ac7b\" data-element_type=\"container\" data-e-type=\"container\" data-settings=\"{&quot;background_background&quot;:&quot;classic&quot;}\">\n\t\t\t\t<div class=\"elementor-element elementor-element-720bfc86 elementor-view-stacked elementor-shape-circle elementor-widget elementor-widget-icon\" data-id=\"720bfc86\" data-element_type=\"widget\" data-e-type=\"widget\" data-widget_type=\"icon.default\">\n\t\t\t\t\t\t\t<div class=\"elementor-icon-wrapper\">\n\t\t\t<div class=\"elementor-icon\">\n\t\t\t<svg xmlns=\"http:\/\/www.w3.org\/2000\/svg\" id=\"Layer_1\" data-name=\"Layer 1\" viewBox=\"0 0 24 24\" width=\"512\" height=\"512\"><path d=\"M13,1a1,1,0,0,1,1-1A10.011,10.011,0,0,1,24,10a1,1,0,0,1-2,0,8.009,8.009,0,0,0-8-8A1,1,0,0,1,13,1Zm1,5a4,4,0,0,1,4,4,1,1,0,0,0,2,0,6.006,6.006,0,0,0-6-6,1,1,0,0,0,0,2Zm9.093,10.739a3.1,3.1,0,0,1,0,4.378l-.91,1.049c-8.19,7.841-28.12-12.084-20.4-20.3l1.15-1A3.081,3.081,0,0,1,7.26.906c.031.031,1.884,2.438,1.884,2.438a3.1,3.1,0,0,1-.007,4.282L7.979,9.082a12.781,12.781,0,0,0,6.931,6.945l1.465-1.165a3.1,3.1,0,0,1,4.281-.006S23.062,16.708,23.093,16.739Zm-1.376,1.454s-2.393-1.841-2.424-1.872a1.1,1.1,0,0,0-1.549,0c-.027.028-2.044,1.635-2.044,1.635a1,1,0,0,1-.979.152A15.009,15.009,0,0,1,5.9,9.3a1,1,0,0,1,.145-1S7.652,6.282,7.679,6.256a1.1,1.1,0,0,0,0-1.549c-.031-.03-1.872-2.425-1.872-2.425a1.1,1.1,0,0,0-1.51.039l-1.15,1C-2.495,10.105,14.776,26.418,20.721,20.8l.911-1.05A1.121,1.121,0,0,0,21.717,18.193Z\"><\/path><\/svg>\t\t\t<\/div>\n\t\t<\/div>\n\t\t\t\t\t\t<\/div>\n\t\t\t\t<div data-sa-element-link=\"{&quot;url&quot;:&quot;tel:+18889243435&quot;,&quot;is_external&quot;:&quot;&quot;,&quot;nofollow&quot;:&quot;&quot;,&quot;custom_attributes&quot;:&quot;&quot;}\" class=\"sa-element-link elementor-element elementor-element-2c857b77 elementor-widget elementor-widget-icon-box\" style=\"cursor: pointer\" data-id=\"2c857b77\" data-element_type=\"widget\" data-e-type=\"widget\" data-widget_type=\"icon-box.default\">\n\t\t\t\t\t\t\t<div class=\"elementor-icon-box-wrapper\">\n\n\t\t\t\n\t\t\t\t\t\t<div class=\"elementor-icon-box-content\">\n\n\t\t\t\t\t\t\t\t\t<h6 class=\"elementor-icon-box-title\">\n\t\t\t\t\t\t<a href=\"tel:+18663559991\" >\n\t\t\t\t\t\t\tTel\u00e9fono\t\t\t\t\t\t<\/a>\n\t\t\t\t\t<\/h6>\n\t\t\t\t\n\t\t\t\t\t\t\t\t\t<p class=\"elementor-icon-box-description\">\n\t\t\t\t\t\t1--866-355-9991\t\t\t\t\t<\/p>\n\t\t\t\t\n\t\t\t<\/div>\n\t\t\t\n\t\t<\/div>\n\t\t\t\t\t\t<\/div>\n\t\t\t\t<\/div>\n\t\t\t\t\t<\/div>\n\t\t\t\t<\/div>\n\t\t\t\t<\/div>\n\t\t\t\t<\/div>\n\t\t","protected":false},"excerpt":{"rendered":"<p>Tiene preguntas, nosotros tenemos las respuestas Preg\u00fantenos lo que quiera \u00bfTiene preguntas sobre la legislaci\u00f3n laboral de California? \u00bfCree que sus derechos han sido vulnerados o no est\u00e1 seguro? Escr\u00edbanos. Ninguna pregunta es demasiado grande o demasiado peque\u00f1a. Contact Us First Name * Last Name * Email * Phone * Employment Issue * Wage Violations [&hellip;]<\/p>\n","protected":false},"author":2,"featured_media":0,"parent":0,"menu_order":0,"comment_status":"closed","ping_status":"closed","template":"","meta":{"footnotes":""},"class_list":["post-1317","page","type-page","status-publish","hentry"],"_links":{"self":[{"href":"https:\/\/californialabor.law\/es\/wp-json\/wp\/v2\/pages\/1317","targetHints":{"allow":["GET"]}}],"collection":[{"href":"https:\/\/californialabor.law\/es\/wp-json\/wp\/v2\/pages"}],"about":[{"href":"https:\/\/californialabor.law\/es\/wp-json\/wp\/v2\/types\/page"}],"author":[{"embeddable":true,"href":"https:\/\/californialabor.law\/es\/wp-json\/wp\/v2\/users\/2"}],"replies":[{"embeddable":true,"href":"https:\/\/californialabor.law\/es\/wp-json\/wp\/v2\/comments?post=1317"}],"version-history":[{"count":0,"href":"https:\/\/californialabor.law\/es\/wp-json\/wp\/v2\/pages\/1317\/revisions"}],"wp:attachment":[{"href":"https:\/\/californialabor.law\/es\/wp-json\/wp\/v2\/media?parent=1317"}],"curies":[{"name":"wp","href":"https:\/\/api.w.org\/{rel}","templated":true}]}}